{"id":2250,"date":"2023-03-14T15:29:38","date_gmt":"2023-03-14T14:29:38","guid":{"rendered":"https:\/\/care-o-sene.com\/?page_id=2250"},"modified":"2024-12-23T11:00:35","modified_gmt":"2024-12-23T10:00:35","slug":"arbeitspaket_1","status":"publish","type":"page","link":"https:\/\/care-o-sene.com\/en\/arbeitspaket_1\/","title":{"rendered":"Work Package 1"},"content":{"rendered":"<div data-elementor-type=\"wp-post\" data-elementor-id=\"2250\" class=\"elementor elementor-2250\">\n\t\t\t\t\t\t<section class=\"elementor-section elementor-top-section elementor-element elementor-element-a5c2046 elementor-section-full_width elementor-section-height-default elementor-section-height-default elementor-invisible\" data-id=\"a5c2046\" data-element_type=\"section\" data-settings=\"{&quot;jet_parallax_layout_list&quot;:[{&quot;_id&quot;:&quot;077505a&quot;,&quot;jet_parallax_layout_speed&quot;:{&quot;unit&quot;:&quot;%&quot;,&quot;size&quot;:&quot;66&quot;,&quot;sizes&quot;:[]},&quot;jet_parallax_layout_bg_x&quot;:&quot;&quot;,&quot;jet_parallax_layout_bg_y&quot;:&quot;&quot;,&quot;jet_parallax_layout_bg_size&quot;:&quot;cover&quot;,&quot;jet_parallax_layout_animation_prop&quot;:&quot;bgposition&quot;,&quot;jet_parallax_layout_on&quot;:[],&quot;jet_parallax_layout_image&quot;:{&quot;url&quot;:&quot;&quot;,&quot;id&quot;:&quot;&quot;,&quot;size&quot;:&quot;&quot;},&quot;jet_parallax_layout_image_tablet&quot;:{&quot;url&quot;:&quot;&quot;,&quot;id&quot;:&quot;&quot;,&quot;size&quot;:&quot;&quot;},&quot;jet_parallax_layout_image_mobile&quot;:{&quot;url&quot;:&quot;&quot;,&quot;id&quot;:&quot;&quot;,&quot;size&quot;:&quot;&quot;},&quot;jet_parallax_layout_type&quot;:&quot;scroll&quot;,&quot;jet_parallax_layout_direction&quot;:null,&quot;jet_parallax_layout_fx_direction&quot;:null,&quot;jet_parallax_layout_z_index&quot;:&quot;&quot;,&quot;jet_parallax_layout_bg_x_tablet&quot;:&quot;&quot;,&quot;jet_parallax_layout_bg_x_mobile&quot;:&quot;&quot;,&quot;jet_parallax_layout_bg_y_tablet&quot;:&quot;&quot;,&quot;jet_parallax_layout_bg_y_mobile&quot;:&quot;&quot;,&quot;jet_parallax_layout_bg_size_tablet&quot;:&quot;&quot;,&quot;jet_parallax_layout_bg_size_mobile&quot;:&quot;&quot;}],&quot;background_background&quot;:&quot;classic&quot;,&quot;animation&quot;:&quot;slideInUp&quot;,&quot;animation_delay&quot;:&quot;0.6&quot;}\">\n\t\t\t\t\t\t\t<div class=\"elementor-background-overlay\"><\/div>\n\t\t\t\t\t\t\t<div class=\"elementor-container elementor-column-gap-default\">\n\t\t\t\t\t<div class=\"elementor-column elementor-col-100 elementor-top-column elementor-element elementor-element-84c4bd6\" data-id=\"84c4bd6\" data-element_type=\"column\">\n\t\t\t<div class=\"elementor-widget-wrap elementor-element-populated\">\n\t\t\t\t\t\t<div class=\"elementor-element elementor-element-b4d303c elementor-align-center elementor-widget elementor-widget-raven-heading\" data-id=\"b4d303c\" data-element_type=\"widget\" data-widget_type=\"raven-heading.default\">\n\t\t\t\t<div class=\"elementor-widget-container\">\n\t\t\t\t\t<div class=\"raven-widget-wrapper\"><h1 class=\"raven-heading raven-heading-h1\"><span class=\"raven-heading-title\">WORK PACKAGE 1<\/span><\/h1><\/div>\r\n\t\t\t\t<\/div>\n\t\t\t\t<\/div>\n\t\t\t\t<div class=\"elementor-element elementor-element-a9c8e52 elementor-widget elementor-widget-heading\" data-id=\"a9c8e52\" data-element_type=\"widget\" data-widget_type=\"heading.default\">\n\t\t\t\t<div class=\"elementor-widget-container\">\n\t\t\t<h2 class=\"elementor-heading-title elementor-size-xl\">- SYNTHESIS AND MICROSCALE TESTING -<\/h2>\t\t<\/div>\n\t\t\t\t<\/div>\n\t\t\t\t\t<\/div>\n\t\t<\/div>\n\t\t\t\t\t<\/div>\n\t\t<\/section>\n\t\t\t\t<section class=\"elementor-section elementor-top-section elementor-element elementor-element-a1ea5a1 elementor-section-boxed elementor-section-height-default elementor-section-height-default\" data-id=\"a1ea5a1\" data-element_type=\"section\" data-settings=\"{&quot;jet_parallax_layout_list&quot;:[]}\">\n\t\t\t\t\t\t<div class=\"elementor-container elementor-column-gap-default\">\n\t\t\t\t\t<div class=\"elementor-column elementor-col-100 elementor-top-column elementor-element elementor-element-2648b0d\" data-id=\"2648b0d\" data-element_type=\"column\">\n\t\t\t<div class=\"elementor-widget-wrap elementor-element-populated\">\n\t\t\t\t\t\t<div class=\"elementor-element elementor-element-1466ab2 elementor-widget elementor-widget-spacer\" data-id=\"1466ab2\" data-element_type=\"widget\" data-widget_type=\"spacer.default\">\n\t\t\t\t<div class=\"elementor-widget-container\">\n\t\t\t\t\t<div class=\"elementor-spacer\">\n\t\t\t<div class=\"elementor-spacer-inner\"><\/div>\n\t\t<\/div>\n\t\t\t\t<\/div>\n\t\t\t\t<\/div>\n\t\t\t\t\t<\/div>\n\t\t<\/div>\n\t\t\t\t\t<\/div>\n\t\t<\/section>\n\t\t\t\t<section class=\"elementor-section elementor-top-section elementor-element elementor-element-0d88304 elementor-section-boxed elementor-section-height-default elementor-section-height-default\" data-id=\"0d88304\" data-element_type=\"section\" data-settings=\"{&quot;jet_parallax_layout_list&quot;:[]}\">\n\t\t\t\t\t\t<div class=\"elementor-container elementor-column-gap-default\">\n\t\t\t\t\t<div class=\"elementor-column elementor-col-50 elementor-top-column elementor-element elementor-element-0abbaca\" data-id=\"0abbaca\" data-element_type=\"column\">\n\t\t\t<div class=\"elementor-widget-wrap elementor-element-populated\">\n\t\t\t\t\t\t<div class=\"elementor-element elementor-element-2efa5fd elementor-align-left elementor-widget elementor-widget-raven-heading\" data-id=\"2efa5fd\" data-element_type=\"widget\" data-widget_type=\"raven-heading.default\">\n\t\t\t\t<div class=\"elementor-widget-container\">\n\t\t\t\t\t<div class=\"raven-widget-wrapper\"><h2 class=\"raven-heading raven-heading-h2\"><span class=\"raven-heading-title\">about the work package<\/span><\/h2><\/div>\r\n\t\t\t\t<\/div>\n\t\t\t\t<\/div>\n\t\t\t\t<div class=\"elementor-element elementor-element-b37f59e elementor-widget elementor-widget-raven-divider\" data-id=\"b37f59e\" data-element_type=\"widget\" data-widget_type=\"raven-divider.default\">\n\t\t\t\t<div class=\"elementor-widget-container\">\n\t\t\t\t\t<div class=\"raven-widget-wrapper\">\r\n\t\t\t<div class=\"raven-divider\">\r\n\t\t\t\t<span class=\"raven-divider-line raven-divider-solid\"><\/span>\r\n\t\t\t<\/div>\r\n\t\t<\/div>\r\n\t\t\t\t<\/div>\n\t\t\t\t<\/div>\n\t\t\t\t<div class=\"elementor-element elementor-element-56c4d6a elementor-widget elementor-widget-text-editor\" data-id=\"56c4d6a\" data-element_type=\"widget\" data-widget_type=\"text-editor.default\">\n\t\t\t\t<div class=\"elementor-widget-container\">\n\t\t\t\t\t\t\t<p>In this work package, we will synthesise different catalyst samples\u2013 powdered, shaped, and novel thin\u2010films, on a laboratory\u2010 to pilot\u2010scale and test their catalytic activity. The effects of synthesis parameters and the functional aspects of the supports and promoters will be investigated. These tests on a laboratory and micro-scale as well as in work packages 2 and 3, will then be used to guide iterative optimisation of the catalyst synthesis. The main aim being to identify candidates for potential scale-up to the next generation catalysts.<\/p>\t\t\t\t\t\t<\/div>\n\t\t\t\t<\/div>\n\t\t\t\t\t<\/div>\n\t\t<\/div>\n\t\t\t\t<div class=\"elementor-column elementor-col-50 elementor-top-column elementor-element elementor-element-06c2600\" data-id=\"06c2600\" data-element_type=\"column\">\n\t\t\t<div class=\"elementor-widget-wrap elementor-element-populated\">\n\t\t\t\t\t\t<div class=\"elementor-element elementor-element-b1ecdfa elementor-widget elementor-widget-spacer\" data-id=\"b1ecdfa\" data-element_type=\"widget\" data-widget_type=\"spacer.default\">\n\t\t\t\t<div class=\"elementor-widget-container\">\n\t\t\t\t\t<div class=\"elementor-spacer\">\n\t\t\t<div class=\"elementor-spacer-inner\"><\/div>\n\t\t<\/div>\n\t\t\t\t<\/div>\n\t\t\t\t<\/div>\n\t\t\t\t<div class=\"elementor-element elementor-element-5198f0c elementor-widget elementor-widget-raven-image\" data-id=\"5198f0c\" data-element_type=\"widget\" data-widget_type=\"raven-image.default\">\n\t\t\t\t<div class=\"elementor-widget-container\">\n\t\t\t\t\t<div class=\"raven-image\" data-parallax=\"{&quot;y&quot;:-100,&quot;smoothness&quot;:30}\">\r\n\t\t\t\t\t<figure class=\"wp-caption\">\r\n\t\t\r\n\t\t\r\n\t\t<img fetchpriority=\"high\" decoding=\"async\" width=\"1200\" height=\"1500\" src=\"https:\/\/care-o-sene.com\/wp-content\/uploads\/CEJ_big.jpg\" class=\"attachment-full size-full wp-image-3932\" alt=\"\" srcset=\"https:\/\/care-o-sene.com\/wp-content\/uploads\/CEJ_big.jpg 1200w, https:\/\/care-o-sene.com\/wp-content\/uploads\/CEJ_big-240x300.jpg 240w, https:\/\/care-o-sene.com\/wp-content\/uploads\/CEJ_big-819x1024.jpg 819w, https:\/\/care-o-sene.com\/wp-content\/uploads\/CEJ_big-768x960.jpg 768w, https:\/\/care-o-sene.com\/wp-content\/uploads\/CEJ_big-10x12.jpg 10w\" sizes=\"(max-width: 1200px) 100vw, 1200px\" \/>\t\t\t<figcaption class=\"widget-image-caption wp-caption-text\">Dr. Catalina Jimenez<\/figcaption>\r\n\t\t\t\t\t\t<\/figure>\r\n\t\t\t\t\t<\/div>\r\n\t\t\t\t<\/div>\n\t\t\t\t<\/div>\n\t\t\t\t\t<\/div>\n\t\t<\/div>\n\t\t\t\t\t<\/div>\n\t\t<\/section>\n\t\t\t\t<section class=\"elementor-section elementor-top-section elementor-element elementor-element-8588ba0 elementor-section-boxed elementor-section-height-default elementor-section-height-default\" data-id=\"8588ba0\" data-element_type=\"section\" data-settings=\"{&quot;jet_parallax_layout_list&quot;:[]}\">\n\t\t\t\t\t\t<div class=\"elementor-container elementor-column-gap-default\">\n\t\t\t\t\t<div class=\"elementor-column elementor-col-100 elementor-top-column elementor-element elementor-element-cb6cd12\" data-id=\"cb6cd12\" data-element_type=\"column\">\n\t\t\t<div class=\"elementor-widget-wrap elementor-element-populated\">\n\t\t\t\t\t\t<div class=\"elementor-element elementor-element-f8e4629 elementor-widget elementor-widget-spacer\" data-id=\"f8e4629\" data-element_type=\"widget\" data-widget_type=\"spacer.default\">\n\t\t\t\t<div class=\"elementor-widget-container\">\n\t\t\t\t\t<div class=\"elementor-spacer\">\n\t\t\t<div class=\"elementor-spacer-inner\"><\/div>\n\t\t<\/div>\n\t\t\t\t<\/div>\n\t\t\t\t<\/div>\n\t\t\t\t\t<\/div>\n\t\t<\/div>\n\t\t\t\t\t<\/div>\n\t\t<\/section>\n\t\t\t\t<section class=\"elementor-section elementor-top-section elementor-element elementor-element-df1f489 elementor-section-full_width elementor-section-height-default elementor-section-height-default\" data-id=\"df1f489\" data-element_type=\"section\" data-settings=\"{&quot;jet_parallax_layout_list&quot;:[{&quot;jet_parallax_layout_image&quot;:{&quot;url&quot;:&quot;&quot;,&quot;id&quot;:&quot;&quot;,&quot;size&quot;:&quot;&quot;},&quot;_id&quot;:&quot;ead2748&quot;,&quot;jet_parallax_layout_speed&quot;:{&quot;unit&quot;:&quot;%&quot;,&quot;size&quot;:&quot;50&quot;,&quot;sizes&quot;:[]},&quot;jet_parallax_layout_bg_x&quot;:&quot;50&quot;,&quot;jet_parallax_layout_bg_y&quot;:&quot;50&quot;,&quot;jet_parallax_layout_image_tablet&quot;:{&quot;url&quot;:&quot;&quot;,&quot;id&quot;:&quot;&quot;,&quot;size&quot;:&quot;&quot;},&quot;jet_parallax_layout_image_mobile&quot;:{&quot;url&quot;:&quot;&quot;,&quot;id&quot;:&quot;&quot;,&quot;size&quot;:&quot;&quot;},&quot;jet_parallax_layout_type&quot;:&quot;scroll&quot;,&quot;jet_parallax_layout_direction&quot;:null,&quot;jet_parallax_layout_fx_direction&quot;:null,&quot;jet_parallax_layout_z_index&quot;:&quot;&quot;,&quot;jet_parallax_layout_bg_x_tablet&quot;:&quot;&quot;,&quot;jet_parallax_layout_bg_x_mobile&quot;:&quot;&quot;,&quot;jet_parallax_layout_bg_y_tablet&quot;:&quot;&quot;,&quot;jet_parallax_layout_bg_y_mobile&quot;:&quot;&quot;,&quot;jet_parallax_layout_bg_size&quot;:&quot;auto&quot;,&quot;jet_parallax_layout_bg_size_tablet&quot;:&quot;&quot;,&quot;jet_parallax_layout_bg_size_mobile&quot;:&quot;&quot;,&quot;jet_parallax_layout_animation_prop&quot;:&quot;transform&quot;,&quot;jet_parallax_layout_on&quot;:[&quot;desktop&quot;,&quot;tablet&quot;]}],&quot;background_background&quot;:&quot;gradient&quot;}\">\n\t\t\t\t\t\t<div class=\"elementor-container elementor-column-gap-default\">\n\t\t\t\t\t<div class=\"elementor-column elementor-col-50 elementor-top-column elementor-element elementor-element-078ed68\" data-id=\"078ed68\" data-element_type=\"column\">\n\t\t\t<div class=\"elementor-widget-wrap elementor-element-populated\">\n\t\t\t\t\t\t<div class=\"elementor-element elementor-element-2d532de elementor-widget elementor-widget-spacer\" data-id=\"2d532de\" data-element_type=\"widget\" data-widget_type=\"spacer.default\">\n\t\t\t\t<div class=\"elementor-widget-container\">\n\t\t\t\t\t<div class=\"elementor-spacer\">\n\t\t\t<div class=\"elementor-spacer-inner\"><\/div>\n\t\t<\/div>\n\t\t\t\t<\/div>\n\t\t\t\t<\/div>\n\t\t\t\t<div class=\"elementor-element elementor-element-332f8a3 elementor-align-center elementor-widget elementor-widget-raven-heading\" data-id=\"332f8a3\" data-element_type=\"widget\" data-widget_type=\"raven-heading.default\">\n\t\t\t\t<div class=\"elementor-widget-container\">\n\t\t\t\t\t<div class=\"raven-widget-wrapper\"><p class=\"raven-heading raven-heading-p\"><span class=\"raven-heading-title\">Do you have questions? Get in touch!<\/span><\/p><\/div>\r\n\t\t\t\t<\/div>\n\t\t\t\t<\/div>\n\t\t\t\t\t<\/div>\n\t\t<\/div>\n\t\t\t\t<div class=\"elementor-column elementor-col-50 elementor-top-column elementor-element elementor-element-53a0589\" data-id=\"53a0589\" data-element_type=\"column\">\n\t\t\t<div class=\"elementor-widget-wrap elementor-element-populated\">\n\t\t\t\t\t\t<div class=\"elementor-element elementor-element-df85437 elementor-align-center elementor-widget elementor-widget-raven-button\" data-id=\"df85437\" data-element_type=\"widget\" data-settings=\"{&quot;turn_to_popup_action_button&quot;:&quot;no&quot;}\" data-widget_type=\"raven-button.default\">\n\t\t\t\t<div class=\"elementor-widget-container\">\n\t\t\t\t\t<div class=\"raven-widget-wrapper\">\r\n\t\t\t<a class=\"raven-button raven-button-widget-normal-effect-none  raven-button-text-align-center raven-button-link elementor-animation-none\" href=\"https:\/\/care-o-sene.com\/en\/kontakt\/\">\t\t\t\t<div class=\"raven-button-overlay\" ><\/div>\r\n\t\t\t\t<span class=\"raven-button-content\">\r\n\t\t\t\t\t\r\n\t\t\t\t\t<div class=\"button-text-container\">\r\n\t\t\t\t\t\t\t\t\t\t\t\t<div class=\"raven-button-texts-wrapper\">\r\n\t\t\t\t\t\t\t<div class=\"button-text\">\r\n\t\t\t\t\t\t\t\t<span class=\"raven-button-text\">\r\n\t\t\t\t\t\t\t\t\tCONTACT\t\t\t\t\t\t\t\t<\/span>\r\n\t\t\t\t\t\t\t<\/div>\r\n\t\t\t\t\t\t\t\t\t\t\t\t\t<\/div>\r\n\t\t\t\t\t\t\t\t\t\t\t<\/div>\r\n\t\t\t\t\t\r\n\t\t\t\t\t\t\t\t\t<\/span>\r\n\t\t\t<\/a>\t\t<\/div>\r\n\t\t\t\t<\/div>\n\t\t\t\t<\/div>\n\t\t\t\t\t<\/div>\n\t\t<\/div>\n\t\t\t\t\t<\/div>\n\t\t<\/section>\n\t\t\t\t<section class=\"elementor-section elementor-top-section elementor-element elementor-element-86cdd28 elementor-section-full_width elementor-section-height-default elementor-section-height-default\" data-id=\"86cdd28\" data-element_type=\"section\" data-settings=\"{&quot;jet_parallax_layout_list&quot;:[],&quot;background_background&quot;:&quot;classic&quot;}\">\n\t\t\t\t\t\t<div class=\"elementor-container elementor-column-gap-no\">\n\t\t\t\t\t<div class=\"elementor-column elementor-col-100 elementor-top-column elementor-element elementor-element-b630991\" data-id=\"b630991\" data-element_type=\"column\">\n\t\t\t<div class=\"elementor-widget-wrap elementor-element-populated\">\n\t\t\t\t\t\t<div class=\"elementor-element elementor-element-94fbb34 elementor-widget elementor-widget-raven-image\" data-id=\"94fbb34\" data-element_type=\"widget\" data-widget_type=\"raven-image.default\">\n\t\t\t\t<div class=\"elementor-widget-container\">\n\t\t\t\t\t<div class=\"raven-image\">\r\n\t\t\r\n\t\t\r\n\t\t<img decoding=\"async\" width=\"1920\" height=\"707\" src=\"https:\/\/care-o-sene.com\/wp-content\/uploads\/green-energy.jpg\" class=\"attachment-full size-full wp-image-877\" alt=\"\" srcset=\"https:\/\/care-o-sene.com\/wp-content\/uploads\/green-energy.jpg 1920w, https:\/\/care-o-sene.com\/wp-content\/uploads\/green-energy-300x110.jpg 300w, https:\/\/care-o-sene.com\/wp-content\/uploads\/green-energy-1024x377.jpg 1024w, https:\/\/care-o-sene.com\/wp-content\/uploads\/green-energy-768x283.jpg 768w, https:\/\/care-o-sene.com\/wp-content\/uploads\/green-energy-1536x566.jpg 1536w\" sizes=\"(max-width: 1920px) 100vw, 1920px\" \/>\t\t<\/div>\r\n\t\t\t\t<\/div>\n\t\t\t\t<\/div>\n\t\t\t\t\t<\/div>\n\t\t<\/div>\n\t\t\t\t\t<\/div>\n\t\t<\/section>\n\t\t\t\t<\/div>","protected":false},"excerpt":{"rendered":"<p>ARBEITSPAKET 1 &#8211; SYNTHESE UND TESTS IM LABORMA\u00dfSTAB &#8211; \u00fcBER DAS aRBEITSPAKET In diesem Arbeitspaket werden wir verschiedene Katalysatorproben &#8211; pulverf\u00f6rmige, geformte und neuartige D\u00fcnnfilme &#8211; im Labor bis Pilotma\u00dfstab synthetisieren und ihre katalytische Aktivit\u00e4t testen. Die Auswirkungen der Syntheseparameter und die funktionellen Aspekte der Tr\u00e4ger und Promotoren sollen dabei untersucht werden. Die in diesem [&hellip;]<\/p>","protected":false},"author":6,"featured_media":0,"parent":0,"menu_order":0,"comment_status":"closed","ping_status":"closed","template":"elementor_header_footer","meta":{"_acf_changed":false,"footnotes":""},"class_list":["post-2250","page","type-page","status-publish","hentry"],"acf":[],"yoast_head":"<!-- This site is optimized with the Yoast SEO plugin v25.8 - https:\/\/yoast.com\/wordpress\/plugins\/seo\/ -->\n<title>Arbeitspaket 1 - CARE-O-SENE<\/title>\n<meta name=\"robots\" content=\"index, follow, max-snippet:-1, max-image-preview:large, max-video-preview:-1\" \/>\n<link rel=\"canonical\" href=\"https:\/\/care-o-sene.com\/en\/arbeitspaket_1\/\" \/>\n<meta property=\"og:locale\" content=\"en_GB\" \/>\n<meta property=\"og:type\" content=\"article\" \/>\n<meta property=\"og:title\" content=\"Arbeitspaket 1 - CARE-O-SENE\" \/>\n<meta property=\"og:description\" content=\"ARBEITSPAKET 1 &#8211; SYNTHESE UND TESTS IM LABORMA\u00dfSTAB &#8211; \u00fcBER DAS aRBEITSPAKET In diesem Arbeitspaket werden wir verschiedene Katalysatorproben &#8211; pulverf\u00f6rmige, geformte und neuartige D\u00fcnnfilme &#8211; im Labor bis Pilotma\u00dfstab synthetisieren und ihre katalytische Aktivit\u00e4t testen. Die Auswirkungen der Syntheseparameter und die funktionellen Aspekte der Tr\u00e4ger und Promotoren sollen dabei untersucht werden. Die in diesem [&hellip;]\" \/>\n<meta property=\"og:url\" content=\"https:\/\/care-o-sene.com\/en\/arbeitspaket_1\/\" \/>\n<meta property=\"og:site_name\" content=\"CARE-O-SENE\" \/>\n<meta property=\"article:modified_time\" content=\"2024-12-23T10:00:35+00:00\" \/>\n<meta property=\"og:image\" content=\"https:\/\/care-o-sene.com\/wp-content\/uploads\/CEJ_big.jpg\" \/>\n\t<meta property=\"og:image:width\" content=\"1200\" \/>\n\t<meta property=\"og:image:height\" content=\"1500\" \/>\n\t<meta property=\"og:image:type\" content=\"image\/jpeg\" \/>\n<meta name=\"twitter:card\" content=\"summary_large_image\" \/>\n<meta name=\"twitter:label1\" content=\"Estimated reading time\" \/>\n\t<meta name=\"twitter:data1\" content=\"1 minute\" \/>\n<script type=\"application\/ld+json\" class=\"yoast-schema-graph\">{\"@context\":\"https:\/\/schema.org\",\"@graph\":[{\"@type\":\"WebPage\",\"@id\":\"https:\/\/care-o-sene.com\/arbeitspaket_1\/\",\"url\":\"https:\/\/care-o-sene.com\/arbeitspaket_1\/\",\"name\":\"Arbeitspaket 1 - CARE-O-SENE\",\"isPartOf\":{\"@id\":\"https:\/\/care-o-sene.com\/#website\"},\"primaryImageOfPage\":{\"@id\":\"https:\/\/care-o-sene.com\/arbeitspaket_1\/#primaryimage\"},\"image\":{\"@id\":\"https:\/\/care-o-sene.com\/arbeitspaket_1\/#primaryimage\"},\"thumbnailUrl\":\"https:\/\/care-o-sene.com\/wp-content\/uploads\/CEJ_big.jpg\",\"datePublished\":\"2023-03-14T14:29:38+00:00\",\"dateModified\":\"2024-12-23T10:00:35+00:00\",\"breadcrumb\":{\"@id\":\"https:\/\/care-o-sene.com\/arbeitspaket_1\/#breadcrumb\"},\"inLanguage\":\"en-GB\",\"potentialAction\":[{\"@type\":\"ReadAction\",\"target\":[\"https:\/\/care-o-sene.com\/arbeitspaket_1\/\"]}]},{\"@type\":\"ImageObject\",\"inLanguage\":\"en-GB\",\"@id\":\"https:\/\/care-o-sene.com\/arbeitspaket_1\/#primaryimage\",\"url\":\"https:\/\/care-o-sene.com\/wp-content\/uploads\/CEJ_big.jpg\",\"contentUrl\":\"https:\/\/care-o-sene.com\/wp-content\/uploads\/CEJ_big.jpg\"},{\"@type\":\"BreadcrumbList\",\"@id\":\"https:\/\/care-o-sene.com\/arbeitspaket_1\/#breadcrumb\",\"itemListElement\":[{\"@type\":\"ListItem\",\"position\":1,\"name\":\"Startseite\",\"item\":\"https:\/\/care-o-sene.com\/\"},{\"@type\":\"ListItem\",\"position\":2,\"name\":\"Arbeitspaket 1\"}]},{\"@type\":\"WebSite\",\"@id\":\"https:\/\/care-o-sene.com\/#website\",\"url\":\"https:\/\/care-o-sene.com\/\",\"name\":\"CARE-O-SENE\",\"description\":\"Catalyst Research for Sustainable Kerosene\",\"publisher\":{\"@id\":\"https:\/\/care-o-sene.com\/#organization\"},\"potentialAction\":[{\"@type\":\"SearchAction\",\"target\":{\"@type\":\"EntryPoint\",\"urlTemplate\":\"https:\/\/care-o-sene.com\/?s={search_term_string}\"},\"query-input\":{\"@type\":\"PropertyValueSpecification\",\"valueRequired\":true,\"valueName\":\"search_term_string\"}}],\"inLanguage\":\"en-GB\"},{\"@type\":\"Organization\",\"@id\":\"https:\/\/care-o-sene.com\/#organization\",\"name\":\"CARE-O-SENE\",\"url\":\"https:\/\/care-o-sene.com\/\",\"logo\":{\"@type\":\"ImageObject\",\"inLanguage\":\"en-GB\",\"@id\":\"https:\/\/care-o-sene.com\/#\/schema\/logo\/image\/\",\"url\":\"https:\/\/care-o-sene.com\/wp-content\/uploads\/favicon-1.png\",\"contentUrl\":\"https:\/\/care-o-sene.com\/wp-content\/uploads\/favicon-1.png\",\"width\":383,\"height\":389,\"caption\":\"CARE-O-SENE\"},\"image\":{\"@id\":\"https:\/\/care-o-sene.com\/#\/schema\/logo\/image\/\"}}]}<\/script>\n<!-- \/ Yoast SEO plugin. -->","yoast_head_json":{"title":"Arbeitspaket 1 - CARE-O-SENE","robots":{"index":"index","follow":"follow","max-snippet":"max-snippet:-1","max-image-preview":"max-image-preview:large","max-video-preview":"max-video-preview:-1"},"canonical":"https:\/\/care-o-sene.com\/en\/arbeitspaket_1\/","og_locale":"en_GB","og_type":"article","og_title":"Arbeitspaket 1 - CARE-O-SENE","og_description":"ARBEITSPAKET 1 &#8211; SYNTHESE UND TESTS IM LABORMA\u00dfSTAB &#8211; \u00fcBER DAS aRBEITSPAKET In diesem Arbeitspaket werden wir verschiedene Katalysatorproben &#8211; pulverf\u00f6rmige, geformte und neuartige D\u00fcnnfilme &#8211; im Labor bis Pilotma\u00dfstab synthetisieren und ihre katalytische Aktivit\u00e4t testen. Die Auswirkungen der Syntheseparameter und die funktionellen Aspekte der Tr\u00e4ger und Promotoren sollen dabei untersucht werden. Die in diesem [&hellip;]","og_url":"https:\/\/care-o-sene.com\/en\/arbeitspaket_1\/","og_site_name":"CARE-O-SENE","article_modified_time":"2024-12-23T10:00:35+00:00","og_image":[{"width":1200,"height":1500,"url":"https:\/\/care-o-sene.com\/wp-content\/uploads\/CEJ_big.jpg","type":"image\/jpeg"}],"twitter_card":"summary_large_image","twitter_misc":{"Estimated reading time":"1 minute"},"schema":{"@context":"https:\/\/schema.org","@graph":[{"@type":"WebPage","@id":"https:\/\/care-o-sene.com\/arbeitspaket_1\/","url":"https:\/\/care-o-sene.com\/arbeitspaket_1\/","name":"Arbeitspaket 1 - CARE-O-SENE","isPartOf":{"@id":"https:\/\/care-o-sene.com\/#website"},"primaryImageOfPage":{"@id":"https:\/\/care-o-sene.com\/arbeitspaket_1\/#primaryimage"},"image":{"@id":"https:\/\/care-o-sene.com\/arbeitspaket_1\/#primaryimage"},"thumbnailUrl":"https:\/\/care-o-sene.com\/wp-content\/uploads\/CEJ_big.jpg","datePublished":"2023-03-14T14:29:38+00:00","dateModified":"2024-12-23T10:00:35+00:00","breadcrumb":{"@id":"https:\/\/care-o-sene.com\/arbeitspaket_1\/#breadcrumb"},"inLanguage":"en-GB","potentialAction":[{"@type":"ReadAction","target":["https:\/\/care-o-sene.com\/arbeitspaket_1\/"]}]},{"@type":"ImageObject","inLanguage":"en-GB","@id":"https:\/\/care-o-sene.com\/arbeitspaket_1\/#primaryimage","url":"https:\/\/care-o-sene.com\/wp-content\/uploads\/CEJ_big.jpg","contentUrl":"https:\/\/care-o-sene.com\/wp-content\/uploads\/CEJ_big.jpg"},{"@type":"BreadcrumbList","@id":"https:\/\/care-o-sene.com\/arbeitspaket_1\/#breadcrumb","itemListElement":[{"@type":"ListItem","position":1,"name":"Startseite","item":"https:\/\/care-o-sene.com\/"},{"@type":"ListItem","position":2,"name":"Arbeitspaket 1"}]},{"@type":"WebSite","@id":"https:\/\/care-o-sene.com\/#website","url":"https:\/\/care-o-sene.com\/","name":"CARE-O-SENE","description":"Catalyst Research for Sustainable Kerosene","publisher":{"@id":"https:\/\/care-o-sene.com\/#organization"},"potentialAction":[{"@type":"SearchAction","target":{"@type":"EntryPoint","urlTemplate":"https:\/\/care-o-sene.com\/?s={search_term_string}"},"query-input":{"@type":"PropertyValueSpecification","valueRequired":true,"valueName":"search_term_string"}}],"inLanguage":"en-GB"},{"@type":"Organization","@id":"https:\/\/care-o-sene.com\/#organization","name":"CARE-O-SENE","url":"https:\/\/care-o-sene.com\/","logo":{"@type":"ImageObject","inLanguage":"en-GB","@id":"https:\/\/care-o-sene.com\/#\/schema\/logo\/image\/","url":"https:\/\/care-o-sene.com\/wp-content\/uploads\/favicon-1.png","contentUrl":"https:\/\/care-o-sene.com\/wp-content\/uploads\/favicon-1.png","width":383,"height":389,"caption":"CARE-O-SENE"},"image":{"@id":"https:\/\/care-o-sene.com\/#\/schema\/logo\/image\/"}}]}},"_links":{"self":[{"href":"https:\/\/care-o-sene.com\/en\/wp-json\/wp\/v2\/pages\/2250","targetHints":{"allow":["GET"]}}],"collection":[{"href":"https:\/\/care-o-sene.com\/en\/wp-json\/wp\/v2\/pages"}],"about":[{"href":"https:\/\/care-o-sene.com\/en\/wp-json\/wp\/v2\/types\/page"}],"author":[{"embeddable":true,"href":"https:\/\/care-o-sene.com\/en\/wp-json\/wp\/v2\/users\/6"}],"replies":[{"embeddable":true,"href":"https:\/\/care-o-sene.com\/en\/wp-json\/wp\/v2\/comments?post=2250"}],"version-history":[{"count":46,"href":"https:\/\/care-o-sene.com\/en\/wp-json\/wp\/v2\/pages\/2250\/revisions"}],"predecessor-version":[{"id":3941,"href":"https:\/\/care-o-sene.com\/en\/wp-json\/wp\/v2\/pages\/2250\/revisions\/3941"}],"wp:attachment":[{"href":"https:\/\/care-o-sene.com\/en\/wp-json\/wp\/v2\/media?parent=2250"}],"curies":[{"name":"wp","href":"https:\/\/api.w.org\/{rel}","templated":true}]}}