{"id":4160,"date":"2025-10-21T15:28:09","date_gmt":"2025-10-21T13:28:09","guid":{"rendered":"https:\/\/care-o-sene.com\/?page_id=4160"},"modified":"2026-03-17T17:16:09","modified_gmt":"2026-03-17T16:16:09","slug":"abstracts","status":"publish","type":"page","link":"https:\/\/care-o-sene.com\/en\/abstracts\/","title":{"rendered":"Abstracts"},"content":{"rendered":"<p>Welcome! Here you will find scientific publications related to the CARE-O-SENE project. These are sorted by year of publication. You can also use the search function to search directly for authors or titles. <\/p>\n\n\n\n<p><\/p>\n\n\n<div id=\"cf-app\" class=\"cf-app\" data-json=\"{&quot;libraryType&quot;:&quot;hierarchical_folders&quot;,&quot;showBreadCrumb&quot;:true,&quot;isNestedFolders&quot;:true,&quot;searchScope&quot;:&quot;all&quot;,&quot;folders&quot;:[&quot;5&quot;],&quot;title&quot;:&quot;Abstracts&quot;,&quot;layout&quot;:&quot;grid&quot;,&quot;displayColumns&quot;:{&quot;image&quot;:false,&quot;title&quot;:true,&quot;type&quot;:true,&quot;size&quot;:true,&quot;updated&quot;:false,&quot;counter&quot;:true,&quot;link&quot;:true},&quot;linkTo&quot;:&quot;preview&quot;,&quot;libraryIcon&quot;:{&quot;altText&quot;:&quot;icon-folders&quot;,&quot;display&quot;:true},&quot;displayTitle&quot;:true,&quot;titleTag&quot;:&quot;p&quot;,&quot;gridColumn&quot;:3,&quot;searchBarPlacement&quot;:&quot;top&quot;,&quot;layoutIconPlacement&quot;:&quot;top&quot;,&quot;paginationPlacement&quot;:&quot;bottom&quot;,&quot;popupWidth&quot;:600,&quot;popupHeight&quot;:600,&quot;limit&quot;:10,&quot;orderBy&quot;:&quot;title&quot;,&quot;orderType&quot;:&quot;ASC&quot;,&quot;documentIcons&quot;:{&quot;display&quot;:true},&quot;TrpContentRestriction&quot;:{&quot;restriction_type&quot;:&quot;exclude&quot;,&quot;selected_languages&quot;:[],&quot;panel_open&quot;:true}}\" data-columns=\"{&quot;1&quot;:{&quot;label&quot;:&quot;Title&quot;,&quot;key&quot;:&quot;title&quot;},&quot;2&quot;:{&quot;label&quot;:&quot;Type&quot;,&quot;key&quot;:&quot;type&quot;},&quot;3&quot;:{&quot;label&quot;:&quot;Size&quot;,&quot;key&quot;:&quot;size&quot;},&quot;5&quot;:{&quot;label&quot;:&quot;Counter&quot;,&quot;key&quot;:&quot;counter&quot;},&quot;6&quot;:{&quot;label&quot;:&quot;Link&quot;,&quot;key&quot;:&quot;link&quot;}}\">\n\t<div class=\"cf-main\">\n\t\t<div class=\"cf-container\">\n\t\t\t\t\t\t\t<p class=\"cf-title\">\n\t\t\t\t\t<img decoding=\"async\" src=\"https:\/\/care-o-sene.com\/wp-content\/plugins\/catfolders-document-gallery\/assets\/images\/icons\/icon-folders.svg\" alt=\"\"icon-folders>\n\t\t\t\t\t<span>Abstracts<\/span>\n\t\t\t\t<\/p>\n\t\t\t\n\t\t\t<div class=\"cfdoc_breadcrumb\"><ul><li data-id=\"5\" class=\"cfdoc-home-item\"><i class=\"cfdoc_breadcrumb_home_icon\"><svg width=\"20px\" height=\"22.5px\" fill=\"currentColor\" xmlns=\"http:\/\/www.w3.org\/2000\/svg\" viewbox=\"0 0 24 24\"><path d=\"M10,20V14H14V20H19V12H22L12,3L2,12H5V20H10Z\"><\/path><\/svg><\/i><span>Abstracts<\/span><i><svg fill=\"currentColor\" xmlns=\"http:\/\/www.w3.org\/2000\/svg\" viewbox=\"0 0 24 24\">\n            <path d=\"M7.41,8.58L12,13.17L16.59,8.58L18,10L12,16L6,10L7.41,8.58Z\"><\/path>\n        <\/svg><\/i><ul class=\"children\"><li class=\"\" data-id=\"1\"><span>2025<\/span><\/li><li class=\"\" data-id=\"2\"><span>2024<\/span><\/li><li class=\"\" data-id=\"3\"><span>2023<\/span><\/li><li class=\"\" data-id=\"4\"><span>2022<\/span><\/li><\/ul><\/li><\/ul><\/div><div class=\"cfdoc_children\"><ul><li data-id=\"1\"><i>\n                    <svg viewbox=\"0 0 24 24\" fill=\"currentColor\">\n                        <path d=\"M10,4H4C2.89,4 2,4.89 2,6V18A2,2 0 0,0 4,20H20A2,2 0 0,0 22,18V8C22,6.89 21.1,6 20,6H12L10,4Z\"><\/path>\n                    <\/svg>\n                <\/i>2025<\/li><li data-id=\"2\"><i>\n                    <svg viewbox=\"0 0 24 24\" fill=\"currentColor\">\n                        <path d=\"M10,4H4C2.89,4 2,4.89 2,6V18A2,2 0 0,0 4,20H20A2,2 0 0,0 22,18V8C22,6.89 21.1,6 20,6H12L10,4Z\"><\/path>\n                    <\/svg>\n                <\/i>2024<\/li><li data-id=\"3\"><i>\n                    <svg viewbox=\"0 0 24 24\" fill=\"currentColor\">\n                        <path d=\"M10,4H4C2.89,4 2,4.89 2,6V18A2,2 0 0,0 4,20H20A2,2 0 0,0 22,18V8C22,6.89 21.1,6 20,6H12L10,4Z\"><\/path>\n                    <\/svg>\n                <\/i>2023<\/li><li data-id=\"4\"><i>\n                    <svg viewbox=\"0 0 24 24\" fill=\"currentColor\">\n                        <path d=\"M10,4H4C2.89,4 2,4.89 2,6V18A2,2 0 0,0 4,20H20A2,2 0 0,0 22,18V8C22,6.89 21.1,6 20,6H12L10,4Z\"><\/path>\n                    <\/svg>\n                <\/i>2022<\/li><\/ul><\/div><div class=\"cf-table-my-wrap\">\t\t<table data-folders=\"[&quot;5&quot;]\" class=\"cf-table cf-empty-data\" style=\"--grid-column:3\">\n\t\t\t\t<thead>\n\t\t\t\t\t<tr>\n\t\t\t\t\t\t\t\t\t\t\t\t\t<th class=\"cf-title-th\">\n\t\t\t\t\t\t\t\t<span>Title<\/span>\n\t\t\t\t\t\t\t<\/th>\t\n\t\t\t\t\t\t\t\t\t\t\t\t\t<th class=\"\">\n\t\t\t\t\t\t\t\t<span>Type<\/span>\n\t\t\t\t\t\t\t<\/th>\t\n\t\t\t\t\t\t\t\t\t\t\t\t\t<th class=\"\">\n\t\t\t\t\t\t\t\t<span>Size<\/span>\n\t\t\t\t\t\t\t<\/th>\t\n\t\t\t\t\t\t\t\t\t\t\t\t\t<th class=\"\">\n\t\t\t\t\t\t\t\t<span>Counter<\/span>\n\t\t\t\t\t\t\t<\/th>\t\n\t\t\t\t\t\t\t\t\t\t\t\t\t<th class=\"\">\n\t\t\t\t\t\t\t\t<span>link<\/span>\n\t\t\t\t\t\t\t<\/th>\t\n\t\t\t\t\t\t\t\t\t\t\t<\/tr>\n\t\t\t\t<\/thead>\n\t\t\t\t<tbody>\n\t\t\t\t\t \n\t\t\t\t<\/tbody>\n\t\t\t<\/table>\n\t\t<\/div>\t\t<\/div>\n\t<\/div>\n<\/div>","protected":false},"excerpt":{"rendered":"<p>Welcome! Here you will find scientific publications related to the CARE-O-SENE project. These are sorted by year of publication. You can also use the search function to search directly for authors or titles.<\/p>","protected":false},"author":6,"featured_media":4273,"parent":0,"menu_order":0,"comment_status":"closed","ping_status":"closed","template":"","meta":{"_acf_changed":false,"footnotes":""},"class_list":["post-4160","page","type-page","status-publish","has-post-thumbnail","hentry"],"acf":[],"yoast_head":"<!-- This site is optimized with the Yoast SEO plugin v25.8 - https:\/\/yoast.com\/wordpress\/plugins\/seo\/ -->\n<title>Abstracts - CARE-O-SENE<\/title>\n<meta name=\"robots\" content=\"index, follow, max-snippet:-1, max-image-preview:large, max-video-preview:-1\" \/>\n<link rel=\"canonical\" href=\"https:\/\/care-o-sene.com\/en\/abstracts\/\" \/>\n<meta property=\"og:locale\" content=\"en_GB\" \/>\n<meta property=\"og:type\" content=\"article\" \/>\n<meta property=\"og:title\" content=\"Abstracts - CARE-O-SENE\" \/>\n<meta property=\"og:description\" content=\"Herzlich willkommen! Hier finden Sie wissenschaftliche Ver\u00f6ffentlichungen rund um das CARE-O-SENE-Projekt. Diese sind nach Ver\u00f6ffentlichungsjahr sortiert. Sie k\u00f6nnen aber auch die Suchfunktion nutzen, um direkt nach Autor*innen oder Titeln zu suchen.\" \/>\n<meta property=\"og:url\" content=\"https:\/\/care-o-sene.com\/en\/abstracts\/\" \/>\n<meta property=\"og:site_name\" content=\"CARE-O-SENE\" \/>\n<meta property=\"article:modified_time\" content=\"2026-03-17T16:16:09+00:00\" \/>\n<meta property=\"og:image\" content=\"https:\/\/care-o-sene.com\/wp-content\/uploads\/passengers-airplane_small.jpg\" \/>\n\t<meta property=\"og:image:width\" content=\"1920\" \/>\n\t<meta property=\"og:image:height\" content=\"605\" \/>\n\t<meta property=\"og:image:type\" content=\"image\/jpeg\" \/>\n<meta name=\"twitter:card\" content=\"summary_large_image\" \/>\n<meta name=\"twitter:label1\" content=\"Estimated reading time\" \/>\n\t<meta name=\"twitter:data1\" content=\"1 minute\" \/>\n<script type=\"application\/ld+json\" class=\"yoast-schema-graph\">{\"@context\":\"https:\/\/schema.org\",\"@graph\":[{\"@type\":\"WebPage\",\"@id\":\"https:\/\/care-o-sene.com\/abstracts\/\",\"url\":\"https:\/\/care-o-sene.com\/abstracts\/\",\"name\":\"Abstracts - CARE-O-SENE\",\"isPartOf\":{\"@id\":\"https:\/\/care-o-sene.com\/#website\"},\"primaryImageOfPage\":{\"@id\":\"https:\/\/care-o-sene.com\/abstracts\/#primaryimage\"},\"image\":{\"@id\":\"https:\/\/care-o-sene.com\/abstracts\/#primaryimage\"},\"thumbnailUrl\":\"https:\/\/care-o-sene.com\/wp-content\/uploads\/passengers-airplane_small.jpg\",\"datePublished\":\"2025-10-21T13:28:09+00:00\",\"dateModified\":\"2026-03-17T16:16:09+00:00\",\"breadcrumb\":{\"@id\":\"https:\/\/care-o-sene.com\/abstracts\/#breadcrumb\"},\"inLanguage\":\"en-GB\",\"potentialAction\":[{\"@type\":\"ReadAction\",\"target\":[\"https:\/\/care-o-sene.com\/abstracts\/\"]}]},{\"@type\":\"ImageObject\",\"inLanguage\":\"en-GB\",\"@id\":\"https:\/\/care-o-sene.com\/abstracts\/#primaryimage\",\"url\":\"https:\/\/care-o-sene.com\/wp-content\/uploads\/passengers-airplane_small.jpg\",\"contentUrl\":\"https:\/\/care-o-sene.com\/wp-content\/uploads\/passengers-airplane_small.jpg\",\"width\":1920,\"height\":605},{\"@type\":\"BreadcrumbList\",\"@id\":\"https:\/\/care-o-sene.com\/abstracts\/#breadcrumb\",\"itemListElement\":[{\"@type\":\"ListItem\",\"position\":1,\"name\":\"Startseite\",\"item\":\"https:\/\/care-o-sene.com\/\"},{\"@type\":\"ListItem\",\"position\":2,\"name\":\"Abstracts\"}]},{\"@type\":\"WebSite\",\"@id\":\"https:\/\/care-o-sene.com\/#website\",\"url\":\"https:\/\/care-o-sene.com\/\",\"name\":\"CARE-O-SENE\",\"description\":\"Catalyst Research for Sustainable Kerosene\",\"publisher\":{\"@id\":\"https:\/\/care-o-sene.com\/#organization\"},\"potentialAction\":[{\"@type\":\"SearchAction\",\"target\":{\"@type\":\"EntryPoint\",\"urlTemplate\":\"https:\/\/care-o-sene.com\/?s={search_term_string}\"},\"query-input\":{\"@type\":\"PropertyValueSpecification\",\"valueRequired\":true,\"valueName\":\"search_term_string\"}}],\"inLanguage\":\"en-GB\"},{\"@type\":\"Organization\",\"@id\":\"https:\/\/care-o-sene.com\/#organization\",\"name\":\"CARE-O-SENE\",\"url\":\"https:\/\/care-o-sene.com\/\",\"logo\":{\"@type\":\"ImageObject\",\"inLanguage\":\"en-GB\",\"@id\":\"https:\/\/care-o-sene.com\/#\/schema\/logo\/image\/\",\"url\":\"https:\/\/care-o-sene.com\/wp-content\/uploads\/favicon-1.png\",\"contentUrl\":\"https:\/\/care-o-sene.com\/wp-content\/uploads\/favicon-1.png\",\"width\":383,\"height\":389,\"caption\":\"CARE-O-SENE\"},\"image\":{\"@id\":\"https:\/\/care-o-sene.com\/#\/schema\/logo\/image\/\"}}]}<\/script>\n<!-- \/ Yoast SEO plugin. -->","yoast_head_json":{"title":"Abstracts - CARE-O-SENE","robots":{"index":"index","follow":"follow","max-snippet":"max-snippet:-1","max-image-preview":"max-image-preview:large","max-video-preview":"max-video-preview:-1"},"canonical":"https:\/\/care-o-sene.com\/en\/abstracts\/","og_locale":"en_GB","og_type":"article","og_title":"Abstracts - CARE-O-SENE","og_description":"Herzlich willkommen! Hier finden Sie wissenschaftliche Ver\u00f6ffentlichungen rund um das CARE-O-SENE-Projekt. Diese sind nach Ver\u00f6ffentlichungsjahr sortiert. Sie k\u00f6nnen aber auch die Suchfunktion nutzen, um direkt nach Autor*innen oder Titeln zu suchen.","og_url":"https:\/\/care-o-sene.com\/en\/abstracts\/","og_site_name":"CARE-O-SENE","article_modified_time":"2026-03-17T16:16:09+00:00","og_image":[{"width":1920,"height":605,"url":"https:\/\/care-o-sene.com\/wp-content\/uploads\/passengers-airplane_small.jpg","type":"image\/jpeg"}],"twitter_card":"summary_large_image","twitter_misc":{"Estimated reading time":"1 minute"},"schema":{"@context":"https:\/\/schema.org","@graph":[{"@type":"WebPage","@id":"https:\/\/care-o-sene.com\/abstracts\/","url":"https:\/\/care-o-sene.com\/abstracts\/","name":"Abstracts - CARE-O-SENE","isPartOf":{"@id":"https:\/\/care-o-sene.com\/#website"},"primaryImageOfPage":{"@id":"https:\/\/care-o-sene.com\/abstracts\/#primaryimage"},"image":{"@id":"https:\/\/care-o-sene.com\/abstracts\/#primaryimage"},"thumbnailUrl":"https:\/\/care-o-sene.com\/wp-content\/uploads\/passengers-airplane_small.jpg","datePublished":"2025-10-21T13:28:09+00:00","dateModified":"2026-03-17T16:16:09+00:00","breadcrumb":{"@id":"https:\/\/care-o-sene.com\/abstracts\/#breadcrumb"},"inLanguage":"en-GB","potentialAction":[{"@type":"ReadAction","target":["https:\/\/care-o-sene.com\/abstracts\/"]}]},{"@type":"ImageObject","inLanguage":"en-GB","@id":"https:\/\/care-o-sene.com\/abstracts\/#primaryimage","url":"https:\/\/care-o-sene.com\/wp-content\/uploads\/passengers-airplane_small.jpg","contentUrl":"https:\/\/care-o-sene.com\/wp-content\/uploads\/passengers-airplane_small.jpg","width":1920,"height":605},{"@type":"BreadcrumbList","@id":"https:\/\/care-o-sene.com\/abstracts\/#breadcrumb","itemListElement":[{"@type":"ListItem","position":1,"name":"Startseite","item":"https:\/\/care-o-sene.com\/"},{"@type":"ListItem","position":2,"name":"Abstracts"}]},{"@type":"WebSite","@id":"https:\/\/care-o-sene.com\/#website","url":"https:\/\/care-o-sene.com\/","name":"CARE-O-SENE","description":"Catalyst Research for Sustainable Kerosene","publisher":{"@id":"https:\/\/care-o-sene.com\/#organization"},"potentialAction":[{"@type":"SearchAction","target":{"@type":"EntryPoint","urlTemplate":"https:\/\/care-o-sene.com\/?s={search_term_string}"},"query-input":{"@type":"PropertyValueSpecification","valueRequired":true,"valueName":"search_term_string"}}],"inLanguage":"en-GB"},{"@type":"Organization","@id":"https:\/\/care-o-sene.com\/#organization","name":"CARE-O-SENE","url":"https:\/\/care-o-sene.com\/","logo":{"@type":"ImageObject","inLanguage":"en-GB","@id":"https:\/\/care-o-sene.com\/#\/schema\/logo\/image\/","url":"https:\/\/care-o-sene.com\/wp-content\/uploads\/favicon-1.png","contentUrl":"https:\/\/care-o-sene.com\/wp-content\/uploads\/favicon-1.png","width":383,"height":389,"caption":"CARE-O-SENE"},"image":{"@id":"https:\/\/care-o-sene.com\/#\/schema\/logo\/image\/"}}]}},"_links":{"self":[{"href":"https:\/\/care-o-sene.com\/en\/wp-json\/wp\/v2\/pages\/4160","targetHints":{"allow":["GET"]}}],"collection":[{"href":"https:\/\/care-o-sene.com\/en\/wp-json\/wp\/v2\/pages"}],"about":[{"href":"https:\/\/care-o-sene.com\/en\/wp-json\/wp\/v2\/types\/page"}],"author":[{"embeddable":true,"href":"https:\/\/care-o-sene.com\/en\/wp-json\/wp\/v2\/users\/6"}],"replies":[{"embeddable":true,"href":"https:\/\/care-o-sene.com\/en\/wp-json\/wp\/v2\/comments?post=4160"}],"version-history":[{"count":40,"href":"https:\/\/care-o-sene.com\/en\/wp-json\/wp\/v2\/pages\/4160\/revisions"}],"predecessor-version":[{"id":4612,"href":"https:\/\/care-o-sene.com\/en\/wp-json\/wp\/v2\/pages\/4160\/revisions\/4612"}],"wp:featuredmedia":[{"embeddable":true,"href":"https:\/\/care-o-sene.com\/en\/wp-json\/wp\/v2\/media\/4273"}],"wp:attachment":[{"href":"https:\/\/care-o-sene.com\/en\/wp-json\/wp\/v2\/media?parent=4160"}],"curies":[{"name":"wp","href":"https:\/\/api.w.org\/{rel}","templated":true}]}}