{"id":978,"date":"2022-05-19T17:58:13","date_gmt":"2022-05-19T15:58:13","guid":{"rendered":"https:\/\/care-o-sene.com\/?page_id=978"},"modified":"2023-04-28T14:41:00","modified_gmt":"2023-04-28T12:41:00","slug":"datenschutz","status":"publish","type":"page","link":"https:\/\/care-o-sene.com\/en\/datenschutz\/","title":{"rendered":"Data privacy"},"content":{"rendered":"<div data-elementor-type=\"wp-page\" data-elementor-id=\"978\" class=\"elementor elementor-978\">\n\t\t\t\t\t\t<section class=\"elementor-section elementor-top-section elementor-element elementor-element-4dc36ec elementor-section-full_width elementor-section-height-default elementor-section-height-default elementor-invisible\" data-id=\"4dc36ec\" data-element_type=\"section\" data-settings=\"{&quot;jet_parallax_layout_list&quot;:[{&quot;_id&quot;:&quot;077505a&quot;,&quot;jet_parallax_layout_speed&quot;:{&quot;unit&quot;:&quot;%&quot;,&quot;size&quot;:&quot;66&quot;,&quot;sizes&quot;:[]},&quot;jet_parallax_layout_bg_x&quot;:&quot;&quot;,&quot;jet_parallax_layout_bg_y&quot;:&quot;&quot;,&quot;jet_parallax_layout_bg_size&quot;:&quot;cover&quot;,&quot;jet_parallax_layout_animation_prop&quot;:&quot;bgposition&quot;,&quot;jet_parallax_layout_on&quot;:[],&quot;jet_parallax_layout_image&quot;:{&quot;url&quot;:&quot;&quot;,&quot;id&quot;:&quot;&quot;,&quot;size&quot;:&quot;&quot;},&quot;jet_parallax_layout_image_tablet&quot;:{&quot;url&quot;:&quot;&quot;,&quot;id&quot;:&quot;&quot;,&quot;size&quot;:&quot;&quot;},&quot;jet_parallax_layout_image_mobile&quot;:{&quot;url&quot;:&quot;&quot;,&quot;id&quot;:&quot;&quot;,&quot;size&quot;:&quot;&quot;},&quot;jet_parallax_layout_type&quot;:&quot;scroll&quot;,&quot;jet_parallax_layout_direction&quot;:null,&quot;jet_parallax_layout_fx_direction&quot;:null,&quot;jet_parallax_layout_z_index&quot;:&quot;&quot;,&quot;jet_parallax_layout_bg_x_tablet&quot;:&quot;&quot;,&quot;jet_parallax_layout_bg_x_mobile&quot;:&quot;&quot;,&quot;jet_parallax_layout_bg_y_tablet&quot;:&quot;&quot;,&quot;jet_parallax_layout_bg_y_mobile&quot;:&quot;&quot;,&quot;jet_parallax_layout_bg_size_tablet&quot;:&quot;&quot;,&quot;jet_parallax_layout_bg_size_mobile&quot;:&quot;&quot;}],&quot;background_background&quot;:&quot;classic&quot;,&quot;animation&quot;:&quot;slideInUp&quot;,&quot;animation_delay&quot;:&quot;0.6&quot;}\">\n\t\t\t\t\t\t\t<div class=\"elementor-background-overlay\"><\/div>\n\t\t\t\t\t\t\t<div class=\"elementor-container elementor-column-gap-default\">\n\t\t\t\t\t<div class=\"elementor-column elementor-col-100 elementor-top-column elementor-element elementor-element-4ad950d\" data-id=\"4ad950d\" data-element_type=\"column\">\n\t\t\t<div class=\"elementor-widget-wrap elementor-element-populated\">\n\t\t\t\t\t\t<div class=\"elementor-element elementor-element-f3842fe elementor-align-center elementor-widget elementor-widget-raven-heading\" data-id=\"f3842fe\" data-element_type=\"widget\" data-widget_type=\"raven-heading.default\">\n\t\t\t\t<div class=\"elementor-widget-container\">\n\t\t\t\t\t<div class=\"raven-widget-wrapper\"><h1 class=\"raven-heading raven-heading-h1\"><span class=\"raven-heading-title\">DATA PRIVACY<\/span><\/h1><\/div>\r\n\t\t\t\t<\/div>\n\t\t\t\t<\/div>\n\t\t\t\t\t<\/div>\n\t\t<\/div>\n\t\t\t\t\t<\/div>\n\t\t<\/section>\n\t\t\t\t<section class=\"elementor-section elementor-top-section elementor-element elementor-element-35d573e elementor-section-boxed elementor-section-height-default elementor-section-height-default\" data-id=\"35d573e\" data-element_type=\"section\" data-settings=\"{&quot;jet_parallax_layout_list&quot;:[]}\">\n\t\t\t\t\t\t<div class=\"elementor-container elementor-column-gap-default\">\n\t\t\t\t\t<div class=\"elementor-column elementor-col-100 elementor-top-column elementor-element elementor-element-a4bdf7d\" data-id=\"a4bdf7d\" data-element_type=\"column\">\n\t\t\t<div class=\"elementor-widget-wrap elementor-element-populated\">\n\t\t\t\t\t\t<div class=\"elementor-element elementor-element-2af7364 elementor-widget elementor-widget-spacer\" data-id=\"2af7364\" data-element_type=\"widget\" data-widget_type=\"spacer.default\">\n\t\t\t\t<div class=\"elementor-widget-container\">\n\t\t\t\t\t<div class=\"elementor-spacer\">\n\t\t\t<div class=\"elementor-spacer-inner\"><\/div>\n\t\t<\/div>\n\t\t\t\t<\/div>\n\t\t\t\t<\/div>\n\t\t\t\t<div class=\"elementor-element elementor-element-e9d35fb elementor-widget elementor-widget-heading\" data-id=\"e9d35fb\" data-element_type=\"widget\" data-widget_type=\"heading.default\">\n\t\t\t\t<div class=\"elementor-widget-container\">\n\t\t\t<h2 class=\"elementor-heading-title elementor-size-default\">Data Privacy Notice<\/h2>\t\t<\/div>\n\t\t\t\t<\/div>\n\t\t\t\t<div class=\"elementor-element elementor-element-63e7a93 elementor-widget elementor-widget-text-editor\" data-id=\"63e7a93\" data-element_type=\"widget\" data-widget_type=\"text-editor.default\">\n\t\t\t\t<div class=\"elementor-widget-container\">\n\t\t\t\t\t\t\t<p style=\"margin-right: 0px; margin-bottom: 0px; margin-left: 0px; padding: 0px; color: #555555; font-family: Arial, sans-serif; font-size: 13px;\">\u00a0<\/p><p><strong>General Data Privacy Notice for Sasolgermany.de<\/strong><\/p><p>We\u2019re happy to welcome you to our website. The protection of your personal data is very important to us. In the following, we will inform you about the collection and processing of data during visits to our website and when contacting us. We will also inform you of which rights you may assert.<\/p><p>\u00a0<\/p><ol><li><strong> Responsible authority and data protection officer<\/strong><\/li><\/ol><p>The authority responsible for the collection and processing of data is:<\/p><p class=\"translation-block\">Sasol Germany GmbH\nAnckelmannsplatz 1\n20537 Hamburg\nGermany<\/p><p>Further details can found under\u00a0<strong><a href=\"https:\/\/www.sasolgermany.de\/impressum\/\">Imprint<\/a><\/strong><strong>.<\/strong><br \/><strong><a href=\"https:\/\/www.sasolgermany.de\/impressum\/\">http:\/\/www.sasolgermany.de\/impressum\/<\/a><\/strong><\/p><p>If you have any questions regarding your rights or the processing of data, our data protection officer will be happy to help you. They can be reached at:<br \/><strong><a href=\"mailto:Datenschutz-Sasolgermany@de.sasol.com\">datenschutz-sasolgermany@de.sasol.com<\/a><\/strong><\/p><ol start=\"2\"><li><strong> Visiting our website<\/strong><br \/>In the following, we will inform you about:<br \/>a) what data are collected during your visit to our website,<br \/>b) for what purposes these are processed, and<br \/>c) the options you have to control the collection and processing of data yourself, and when the data will be deleted.<\/li><\/ol><p>\u00a0<\/p><p><strong>Log-Files<\/strong><strong><br \/>a.<\/strong>\u00a0When visiting our website, the following information is automatically transmitted by your browser:<\/p><ul><li>Date, time and duration of the visit<\/li><li>Name of your Internet service provider<\/li><li>Name of the website that directed you to us<\/li><li>Your device\u2019s IP address<\/li><li>Your browser type and its version<\/li><li>Transferred data volumes and access status (file transferred, file not found, etc.)<\/li><li>Your device\u2019s operating system and the version of the operating system as well as the name of your access provider<\/li><\/ul><p>\u00a0<\/p><p><strong>b.<\/strong> These data help give us a statistical insight into the ways in which our website is used, which then allows us to improve our offer. In addition, the collection of data allows us to retrace and prevent any unauthorised access to our web server or misuse of the website.<\/p><p>\u00a0<\/p><p><strong>Cookies<\/strong><\/p><p>\u00a0<\/p><p><strong>Processed data:<\/strong><\/p><p>When you visit our website we collect data with the help of cookies. Cookies are small text files that are stored on your device. Cookies usually contain a cookie ID i.e. a unique identification feature that can be used to identify your browser.<\/p><p>Depending on the kind of the cookies, different data is collected and processed.<\/p><p>Our website uses analysis cookies: With the help of these cookies we track your user behavior when you use our websites, e.g. which parts of the websites you use, how often you visit our websites. We use third party cookies only.<\/p><p>\u00a0<\/p><p><strong>Purposes of data processing:<\/strong><\/p><p>Analysis cookies help us generate statistics on how our websites are used, for instance the number of requests, duration of the visits, which parts of our websites are the most popular. This helps us to measure how effective our presence on the Internet is, to evaluate the activity on the websites and coordinate website content and functionality to improve the user experience.<\/p><p>\u00a0<\/p><p><strong>Legal basis:<\/strong><\/p><p>We process data based on legitimate interests. Our legitimate interest is to achieve the described purposes as outlined in this document. We process data based on your consent. You consent by clicking the button on our cookie banner.\u00a0<\/p><p>\u00a0<\/p><p><strong>Retention period and controlling options:<\/strong><\/p><p>Some of the cookies are deleted after the browser is closed (session cookies), while others remain permanently on your device and allow us to recognise your browser (permanent cookies).\u00a0<\/p><p>You are able to disable the storage of cookies or selectively accept certain cookies in the cookie banner.<\/p><p>You are also able to disable the storage of cookies or selectively accept certain cookies in your browser. Please use the Help functions of your browser to learn how to change these settings. Note this may result in limited functionality of our website.<\/p><p>\u00a0<\/p><p><strong><u>Google Analytics<\/u><\/strong><\/p><p><strong>Processed data:<\/strong><\/p><p>On our website we use \"Google Analytics\", a web analytics service of Google Inc. (\"Google\"). Google Analytics uses cookies on your device which assists in evaluating the use of our website (more information can be found here: https:\/\/policies.google.com\/technologies\/types)\u00a0<a href=\"https:\/\/policies.google.com\/technologies\/types\">https:\/\/policies.google.com\/technologies\/types<\/a>)<\/p><p>We use the code \"get. _anonymizeIP ();\u201c This results in Google shortening your IP address and allowing an anonymised evaluation. The reduction of IP addresses occurs within the EU or the European Economic Area. The IP address submitted by your browser as part of Google Analytics will not be merged with other Google data.<\/p><p>The data collected with the help of cookies is usually transferred to a Google server and stored there. Compliance with data protection standards and data rights is ensured by a certification under the EU-US privacy shield.<\/p><p>See the Google Privacy statement [https:\/\/policies.google.com\/privacy] for more information.\u00a0<a href=\"https:\/\/policies.google.com\/privacy\">https:\/\/policies.google.com\/privacy<\/a>\u00a0entnehmen.<\/p><p><strong>Purposes of data processing:<\/strong><\/p><p>On our behalf, Google uses the data collected through Google Analytics to evaluate the use of our website, to compile reports on the website activities and to provide further information related to the use of the website.<\/p><p>\u00a0<\/p><p><strong>Legal basis:<\/strong><\/p><p>Data is processed based on your consent. You consent by clicking the button on our cookie banner.<\/p><p>\u00a0<\/p><p><strong>Retention period and controlling options:<\/strong><\/p><p>Data is stored for a period of 14 months. You can prevent the storage of the Google Analytics cookies by a corresponding setting in your browser. This may restrict the functionality of our website.<\/p><p>You may also prevent the collection of data generated by cookies and use of the website (including your IP address) by Google and the processing of such data by Google by clicking the Opt-Out Button located on our cookie banner, this will place an opt-out-cookie on your browser. Learn more by clicking on the link below:\u00a0<a href=\"https:\/\/policies.google.com\/technologies\/managing\">https:\/\/policies.google.com\/technologies\/managing<\/a><\/p><p>\u00a0<\/p><ol start=\"3\"><li><strong> Making contact<\/strong><br \/>In the following, we will inform you about:<br \/><strong>a.<\/strong>what data are collected and processed when you contact us,<br \/><strong>b.<\/strong>for what uses they are processed and by whom, and<br \/><strong>c.<\/strong>\u00a0when the data are deleted.<\/li><\/ol><p>\u00a0<\/p><p><strong>Contact form \/ Email<\/strong><strong><br \/>a.<\/strong>\u00a0We collect and process the information you provide, such as your e-mail address and name, when you contact us via a contact form or by e-mail<\/p><ol><li>Your data are processed by our customer service team exclusively based on your enquiry in order to respond to it.<\/li><li>The data are then deleted when they are no longer needed, once the enquiry is resolved.\u00a0<\/li><\/ol><p>\u00a0<\/p><ol start=\"4\"><li><strong> Your rights<\/strong><\/li><\/ol><p><strong>Revocation of consent<\/strong><\/p><p>You can revoke any permissions given for the processing of your data at any time with future effect. A revocation of consent can be sent by email to\u00a0<strong><a href=\"mailto:Datenschutz-Sasolgermany@de.sasol.com\">datenschutz-sasolgermany@de.sasol.com<\/a><\/strong>\u00a0or in writing to the address given above. Please note that the revocation does not affect the legality of the previous data processing and that it does not extend to such data processing, for which there is a legal reason for permission and which therefore can be processed without your consent.<\/p><p>\u00a0<\/p><p><strong>Further rights<\/strong><br \/>In addition, you are entitled to the following rights according to Articles 15 to 21 and 77 of the EU General Data Protection Regulation (GDPR), subject to fulfilment of the relevant statutory requirements:<\/p><ul><li><strong>Information:<\/strong>\u00a0You can request at any time that we disclose which personal data of yours we are using and provide you with a copy of your saved personal data, Article 15 GDPR.<\/li><li><strong>Rectification\u00a0<\/strong>of incorrect personal data and completion of incomplete personal data, Article 16 GDPR.<\/li><li><strong>Deletion\u00a0<\/strong>of your personal data: Please note that the deletion excludes data that are required for the implementation and execution of contracts; for the establishment, exercise and defence of legal claims; or that must be retained due to legal, regulatory or contractual obligations, Article 17 GDPR.<\/li><li><strong>Restriction of processing:\u00a0<\/strong>Under certain circumstances you can request that the processing of your data be restricted, e.g. if you believe the data to be false, if their handling is unlawful or if you have registered an objection to their being processed. In this case, your data may only be processed without your consent in a highly restricted manner, for example, for the establishment, exercise and defence of legal claims or for the protection of the rights of other natural or legal persons, Article 18 GDPR.<\/li><li><strong>Objection to processing of data:\u00a0<\/strong>You have the option to object to data processing for direct marketing purposes at any time. In addition, if you have special reasons, you may at any time object to the data processing that takes place on the basis of a legitimate interest, Art. 21 DSGVO.<\/li><li><strong>Data portability:\u00a0<\/strong>You have the right to receive the data you have already provided us in an established and machine-readable format, and, as far as is technically possible, to request the direct transmission of this to a third party, Article 20 GDPR.<\/li><\/ul><p>\u00a0<\/p><p>To exercise these rights, we request that you contact our data protection officer via email on\u00a0<strong><a href=\"mailto:Datenschutz-Sasolgermany@de.sasol.com\">datenschutz-sasolgermany@de.sasol.com<\/a><\/strong>\u00a0or in writing to the address given above.<\/p><p>You also have the right to lodge a complaint with a data protection supervisory authority.<\/p><p>\u00a0<\/p><h2>Disclaimer<\/h2><p>This page is part of the Internet presence of the CARE-OSENE consortium managed by the Sasol Germany GmbH.\u00a0\u00a0<\/p><p>\u00a0<\/p><p>Information on external links is provided as a service to you. As these pages exclusively feature third-party content, Sasol Germany cannot assume any liability for the content of pages you reach via external links.<\/p><p>\u00a0<br \/>In principle, the content featured on our web pages may not be downloaded or copied unless the content in question is specially declared as available for downloads. Any commercial use of such downloads is prohibited.<\/p><p style=\"margin-right: 0px; margin-bottom: 0px; margin-left: 0px; padding: 0px; color: #555555; font-family: Arial, sans-serif; font-size: 13px;\"><br \/>We wish to advise that any and all information available from our website is made available to users strictly \"as is\" and, to the extent permissible by law, without any guarantee, warranty or liability on our part.<\/p>\t\t\t\t\t\t<\/div>\n\t\t\t\t<\/div>\n\t\t\t\t<div class=\"elementor-element elementor-element-0531110 elementor-widget elementor-widget-spacer\" data-id=\"0531110\" data-element_type=\"widget\" data-widget_type=\"spacer.default\">\n\t\t\t\t<div class=\"elementor-widget-container\">\n\t\t\t\t\t<div class=\"elementor-spacer\">\n\t\t\t<div class=\"elementor-spacer-inner\"><\/div>\n\t\t<\/div>\n\t\t\t\t<\/div>\n\t\t\t\t<\/div>\n\t\t\t\t\t<\/div>\n\t\t<\/div>\n\t\t\t\t\t<\/div>\n\t\t<\/section>\n\t\t\t\t<\/div>","protected":false},"excerpt":{"rendered":"<p>DATENSCHUTZ Datenschutzinformation \u00a0 Allgemeine Datenschutzerkl\u00e4rung f\u00fcr Sasolgermany.de Wir freuen uns \u00fcber Ihren Besuch auf unseren Webseiten. Der Schutz Ihrer personenbezogenen Daten ist uns sehr wichtig. Im Folgenden informieren wir Sie \u00fcber die Erhebung und Verarbeitung von Daten beim Besuch unserer Webseiten und bei der Kontaktaufnahme mit uns. Dar\u00fcber hinaus teilen wir Ihnen mit, welche Betroffenenrechte [&hellip;]<\/p>","protected":false},"author":6,"featured_media":0,"parent":0,"menu_order":0,"comment_status":"closed","ping_status":"closed","template":"elementor_header_footer","meta":{"_acf_changed":false,"footnotes":""},"class_list":["post-978","page","type-page","status-publish","hentry"],"acf":[],"yoast_head":"<!-- This site is optimized with the Yoast SEO plugin v25.8 - https:\/\/yoast.com\/wordpress\/plugins\/seo\/ -->\n<title>Datenschutz - CARE-O-SENE<\/title>\n<meta name=\"robots\" content=\"index, follow, max-snippet:-1, max-image-preview:large, max-video-preview:-1\" \/>\n<link rel=\"canonical\" href=\"https:\/\/care-o-sene.com\/en\/datenschutz\/\" \/>\n<meta property=\"og:locale\" content=\"en_GB\" \/>\n<meta property=\"og:type\" content=\"article\" \/>\n<meta property=\"og:title\" content=\"Datenschutz - CARE-O-SENE\" \/>\n<meta property=\"og:description\" content=\"DATENSCHUTZ Datenschutzinformation \u00a0 Allgemeine Datenschutzerkl\u00e4rung f\u00fcr Sasolgermany.de Wir freuen uns \u00fcber Ihren Besuch auf unseren Webseiten. Der Schutz Ihrer personenbezogenen Daten ist uns sehr wichtig. Im Folgenden informieren wir Sie \u00fcber die Erhebung und Verarbeitung von Daten beim Besuch unserer Webseiten und bei der Kontaktaufnahme mit uns. Dar\u00fcber hinaus teilen wir Ihnen mit, welche Betroffenenrechte [&hellip;]\" \/>\n<meta property=\"og:url\" content=\"https:\/\/care-o-sene.com\/en\/datenschutz\/\" \/>\n<meta property=\"og:site_name\" content=\"CARE-O-SENE\" \/>\n<meta property=\"article:modified_time\" content=\"2023-04-28T12:41:00+00:00\" \/>\n<meta name=\"twitter:card\" content=\"summary_large_image\" \/>\n<meta name=\"twitter:label1\" content=\"Estimated reading time\" \/>\n\t<meta name=\"twitter:data1\" content=\"9 minutes\" \/>\n<script type=\"application\/ld+json\" class=\"yoast-schema-graph\">{\"@context\":\"https:\/\/schema.org\",\"@graph\":[{\"@type\":\"WebPage\",\"@id\":\"https:\/\/care-o-sene.com\/datenschutz\/\",\"url\":\"https:\/\/care-o-sene.com\/datenschutz\/\",\"name\":\"Datenschutz - CARE-O-SENE\",\"isPartOf\":{\"@id\":\"https:\/\/care-o-sene.com\/#website\"},\"datePublished\":\"2022-05-19T15:58:13+00:00\",\"dateModified\":\"2023-04-28T12:41:00+00:00\",\"breadcrumb\":{\"@id\":\"https:\/\/care-o-sene.com\/datenschutz\/#breadcrumb\"},\"inLanguage\":\"en-GB\",\"potentialAction\":[{\"@type\":\"ReadAction\",\"target\":[\"https:\/\/care-o-sene.com\/datenschutz\/\"]}]},{\"@type\":\"BreadcrumbList\",\"@id\":\"https:\/\/care-o-sene.com\/datenschutz\/#breadcrumb\",\"itemListElement\":[{\"@type\":\"ListItem\",\"position\":1,\"name\":\"Startseite\",\"item\":\"https:\/\/care-o-sene.com\/\"},{\"@type\":\"ListItem\",\"position\":2,\"name\":\"Datenschutz\"}]},{\"@type\":\"WebSite\",\"@id\":\"https:\/\/care-o-sene.com\/#website\",\"url\":\"https:\/\/care-o-sene.com\/\",\"name\":\"CARE-O-SENE\",\"description\":\"Catalyst Research for Sustainable Kerosene\",\"publisher\":{\"@id\":\"https:\/\/care-o-sene.com\/#organization\"},\"potentialAction\":[{\"@type\":\"SearchAction\",\"target\":{\"@type\":\"EntryPoint\",\"urlTemplate\":\"https:\/\/care-o-sene.com\/?s={search_term_string}\"},\"query-input\":{\"@type\":\"PropertyValueSpecification\",\"valueRequired\":true,\"valueName\":\"search_term_string\"}}],\"inLanguage\":\"en-GB\"},{\"@type\":\"Organization\",\"@id\":\"https:\/\/care-o-sene.com\/#organization\",\"name\":\"CARE-O-SENE\",\"url\":\"https:\/\/care-o-sene.com\/\",\"logo\":{\"@type\":\"ImageObject\",\"inLanguage\":\"en-GB\",\"@id\":\"https:\/\/care-o-sene.com\/#\/schema\/logo\/image\/\",\"url\":\"https:\/\/care-o-sene.com\/wp-content\/uploads\/favicon-1.png\",\"contentUrl\":\"https:\/\/care-o-sene.com\/wp-content\/uploads\/favicon-1.png\",\"width\":383,\"height\":389,\"caption\":\"CARE-O-SENE\"},\"image\":{\"@id\":\"https:\/\/care-o-sene.com\/#\/schema\/logo\/image\/\"}}]}<\/script>\n<!-- \/ Yoast SEO plugin. -->","yoast_head_json":{"title":"Datenschutz - CARE-O-SENE","robots":{"index":"index","follow":"follow","max-snippet":"max-snippet:-1","max-image-preview":"max-image-preview:large","max-video-preview":"max-video-preview:-1"},"canonical":"https:\/\/care-o-sene.com\/en\/datenschutz\/","og_locale":"en_GB","og_type":"article","og_title":"Datenschutz - CARE-O-SENE","og_description":"DATENSCHUTZ Datenschutzinformation \u00a0 Allgemeine Datenschutzerkl\u00e4rung f\u00fcr Sasolgermany.de Wir freuen uns \u00fcber Ihren Besuch auf unseren Webseiten. Der Schutz Ihrer personenbezogenen Daten ist uns sehr wichtig. Im Folgenden informieren wir Sie \u00fcber die Erhebung und Verarbeitung von Daten beim Besuch unserer Webseiten und bei der Kontaktaufnahme mit uns. Dar\u00fcber hinaus teilen wir Ihnen mit, welche Betroffenenrechte [&hellip;]","og_url":"https:\/\/care-o-sene.com\/en\/datenschutz\/","og_site_name":"CARE-O-SENE","article_modified_time":"2023-04-28T12:41:00+00:00","twitter_card":"summary_large_image","twitter_misc":{"Estimated reading time":"9 minutes"},"schema":{"@context":"https:\/\/schema.org","@graph":[{"@type":"WebPage","@id":"https:\/\/care-o-sene.com\/datenschutz\/","url":"https:\/\/care-o-sene.com\/datenschutz\/","name":"Datenschutz - CARE-O-SENE","isPartOf":{"@id":"https:\/\/care-o-sene.com\/#website"},"datePublished":"2022-05-19T15:58:13+00:00","dateModified":"2023-04-28T12:41:00+00:00","breadcrumb":{"@id":"https:\/\/care-o-sene.com\/datenschutz\/#breadcrumb"},"inLanguage":"en-GB","potentialAction":[{"@type":"ReadAction","target":["https:\/\/care-o-sene.com\/datenschutz\/"]}]},{"@type":"BreadcrumbList","@id":"https:\/\/care-o-sene.com\/datenschutz\/#breadcrumb","itemListElement":[{"@type":"ListItem","position":1,"name":"Startseite","item":"https:\/\/care-o-sene.com\/"},{"@type":"ListItem","position":2,"name":"Datenschutz"}]},{"@type":"WebSite","@id":"https:\/\/care-o-sene.com\/#website","url":"https:\/\/care-o-sene.com\/","name":"CARE-O-SENE","description":"Catalyst Research for Sustainable Kerosene","publisher":{"@id":"https:\/\/care-o-sene.com\/#organization"},"potentialAction":[{"@type":"SearchAction","target":{"@type":"EntryPoint","urlTemplate":"https:\/\/care-o-sene.com\/?s={search_term_string}"},"query-input":{"@type":"PropertyValueSpecification","valueRequired":true,"valueName":"search_term_string"}}],"inLanguage":"en-GB"},{"@type":"Organization","@id":"https:\/\/care-o-sene.com\/#organization","name":"CARE-O-SENE","url":"https:\/\/care-o-sene.com\/","logo":{"@type":"ImageObject","inLanguage":"en-GB","@id":"https:\/\/care-o-sene.com\/#\/schema\/logo\/image\/","url":"https:\/\/care-o-sene.com\/wp-content\/uploads\/favicon-1.png","contentUrl":"https:\/\/care-o-sene.com\/wp-content\/uploads\/favicon-1.png","width":383,"height":389,"caption":"CARE-O-SENE"},"image":{"@id":"https:\/\/care-o-sene.com\/#\/schema\/logo\/image\/"}}]}},"_links":{"self":[{"href":"https:\/\/care-o-sene.com\/en\/wp-json\/wp\/v2\/pages\/978","targetHints":{"allow":["GET"]}}],"collection":[{"href":"https:\/\/care-o-sene.com\/en\/wp-json\/wp\/v2\/pages"}],"about":[{"href":"https:\/\/care-o-sene.com\/en\/wp-json\/wp\/v2\/types\/page"}],"author":[{"embeddable":true,"href":"https:\/\/care-o-sene.com\/en\/wp-json\/wp\/v2\/users\/6"}],"replies":[{"embeddable":true,"href":"https:\/\/care-o-sene.com\/en\/wp-json\/wp\/v2\/comments?post=978"}],"version-history":[{"count":13,"href":"https:\/\/care-o-sene.com\/en\/wp-json\/wp\/v2\/pages\/978\/revisions"}],"predecessor-version":[{"id":3297,"href":"https:\/\/care-o-sene.com\/en\/wp-json\/wp\/v2\/pages\/978\/revisions\/3297"}],"wp:attachment":[{"href":"https:\/\/care-o-sene.com\/en\/wp-json\/wp\/v2\/media?parent=978"}],"curies":[{"name":"wp","href":"https:\/\/api.w.org\/{rel}","templated":true}]}}